{"id":38493,"date":"2023-02-08T17:24:57","date_gmt":"2023-02-08T14:24:57","guid":{"rendered":"https:\/\/www.taxfreecar.net\/portfolio\/"},"modified":"2023-02-08T17:24:58","modified_gmt":"2023-02-08T14:24:58","slug":"portfolio","status":"publish","type":"page","link":"https:\/\/www.taxfreecar.net\/en_en\/portfolio\/","title":{"rendered":"Portfolio"},"content":{"rendered":"","protected":false},"excerpt":{"rendered":"","protected":false},"author":210,"featured_media":0,"parent":0,"menu_order":0,"comment_status":"closed","ping_status":"closed","template":"","meta":{"footnotes":""},"class_list":["post-38493","page","type-page","status-publish","hentry"],"yoast_head":"<!-- This site is optimized with the Yoast SEO plugin v27.4 - https:\/\/yoast.com\/product\/yoast-seo-wordpress\/ -->\n<title>Portfolio - Mavi Plaka Vergisiz Ara\u00e7<\/title>\n<meta name=\"description\" content=\"T\u00fcrkiye&#039;de resm\u00ee ikametg\u00e2h\u0131 olan yabanc\u0131 gurbet\u00e7iler i\u00e7in vergisiz ara\u00e7 bulma ve yabanc\u0131dan yabanc\u0131ya araba sat\u0131\u015f\u0131. Mavi plaka ara\u00e7 tescili.\" \/>\n<meta name=\"robots\" content=\"index, follow, max-snippet:-1, max-image-preview:large, max-video-preview:-1\" \/>\n<link rel=\"canonical\" href=\"https:\/\/www.taxfreecar.net\/en_en\/portfolio\/\" \/>\n<meta property=\"og:locale\" content=\"en_US\" \/>\n<meta property=\"og:type\" content=\"article\" \/>\n<meta property=\"og:title\" content=\"Portfolio - Mavi Plaka Vergisiz Ara\u00e7\" \/>\n<meta property=\"og:description\" content=\"T\u00fcrkiye&#039;de resm\u00ee ikametg\u00e2h\u0131 olan yabanc\u0131 gurbet\u00e7iler i\u00e7in vergisiz ara\u00e7 bulma ve yabanc\u0131dan yabanc\u0131ya araba sat\u0131\u015f\u0131. Mavi plaka ara\u00e7 tescili.\" \/>\n<meta property=\"og:url\" content=\"https:\/\/www.taxfreecar.net\/en_en\/portfolio\/\" \/>\n<meta property=\"og:site_name\" content=\"Mavi Plaka Vergisiz Ara\u00e7\" \/>\n<meta property=\"article:modified_time\" content=\"2023-02-08T14:24:58+00:00\" \/>\n<meta name=\"twitter:card\" content=\"summary_large_image\" \/>\n<script type=\"application\/ld+json\" class=\"yoast-schema-graph\">{\"@context\":\"https:\\\/\\\/schema.org\",\"@graph\":[{\"@type\":\"WebPage\",\"@id\":\"https:\\\/\\\/www.taxfreecar.net\\\/portfolio\\\/\",\"url\":\"https:\\\/\\\/www.taxfreecar.net\\\/portfolio\\\/\",\"name\":\"Portfolio - Mavi Plaka Vergisiz Ara\u00e7\",\"isPartOf\":{\"@id\":\"https:\\\/\\\/www.taxfreecar.net\\\/#website\"},\"datePublished\":\"2023-02-08T14:24:57+00:00\",\"dateModified\":\"2023-02-08T14:24:58+00:00\",\"description\":\"T\u00fcrkiye'de resm\u00ee ikametg\u00e2h\u0131 olan yabanc\u0131 gurbet\u00e7iler i\u00e7in vergisiz ara\u00e7 bulma ve yabanc\u0131dan yabanc\u0131ya araba sat\u0131\u015f\u0131. Mavi plaka ara\u00e7 tescili.\",\"inLanguage\":\"en-US\",\"potentialAction\":[{\"@type\":\"ReadAction\",\"target\":[\"https:\\\/\\\/www.taxfreecar.net\\\/portfolio\\\/\"]}]},{\"@type\":\"WebSite\",\"@id\":\"https:\\\/\\\/www.taxfreecar.net\\\/#website\",\"url\":\"https:\\\/\\\/www.taxfreecar.net\\\/\",\"name\":\"Mavi Plaka Vergisiz Ara\u00e7\",\"description\":\"T\u00fcrkiye&#039;de resmi ikametgah\u0131 olan yabanc\u0131 gurbet\u00e7iler i\u00e7in vergisiz ara\u00e7 al\u0131m\u0131 sat\u0131m\u0131.\",\"publisher\":{\"@id\":\"https:\\\/\\\/www.taxfreecar.net\\\/#organization\"},\"potentialAction\":[{\"@type\":\"SearchAction\",\"target\":{\"@type\":\"EntryPoint\",\"urlTemplate\":\"https:\\\/\\\/www.taxfreecar.net\\\/?s={search_term_string}\"},\"query-input\":{\"@type\":\"PropertyValueSpecification\",\"valueRequired\":true,\"valueName\":\"search_term_string\"}}],\"inLanguage\":\"en-US\"},{\"@type\":\"Organization\",\"@id\":\"https:\\\/\\\/www.taxfreecar.net\\\/#organization\",\"name\":\"Yabanc\u0131dan Yabanc\u0131ya Araba & Mavi Plakal\u0131 Ara\u00e7 Al\u0131m\u0131 Sat\u0131m\u0131 - TaxFreeCar.net\",\"url\":\"https:\\\/\\\/www.taxfreecar.net\\\/\",\"logo\":{\"@type\":\"ImageObject\",\"inLanguage\":\"en-US\",\"@id\":\"https:\\\/\\\/www.taxfreecar.net\\\/#\\\/schema\\\/logo\\\/image\\\/\",\"url\":\"https:\\\/\\\/www.taxfreecar.net\\\/wp-content\\\/uploads\\\/2022\\\/04\\\/taxfreecar.net-logo-dark.png\",\"contentUrl\":\"https:\\\/\\\/www.taxfreecar.net\\\/wp-content\\\/uploads\\\/2022\\\/04\\\/taxfreecar.net-logo-dark.png\",\"width\":205,\"height\":70,\"caption\":\"Yabanc\u0131dan Yabanc\u0131ya Araba & Mavi Plakal\u0131 Ara\u00e7 Al\u0131m\u0131 Sat\u0131m\u0131 - TaxFreeCar.net\"},\"image\":{\"@id\":\"https:\\\/\\\/www.taxfreecar.net\\\/#\\\/schema\\\/logo\\\/image\\\/\"}}]}<\/script>\n<!-- \/ Yoast SEO plugin. -->","yoast_head_json":{"title":"Portfolio - Mavi Plaka Vergisiz Ara\u00e7","description":"T\u00fcrkiye'de resm\u00ee ikametg\u00e2h\u0131 olan yabanc\u0131 gurbet\u00e7iler i\u00e7in vergisiz ara\u00e7 bulma ve yabanc\u0131dan yabanc\u0131ya araba sat\u0131\u015f\u0131. Mavi plaka ara\u00e7 tescili.","robots":{"index":"index","follow":"follow","max-snippet":"max-snippet:-1","max-image-preview":"max-image-preview:large","max-video-preview":"max-video-preview:-1"},"canonical":"https:\/\/www.taxfreecar.net\/en_en\/portfolio\/","og_locale":"en_US","og_type":"article","og_title":"Portfolio - Mavi Plaka Vergisiz Ara\u00e7","og_description":"T\u00fcrkiye'de resm\u00ee ikametg\u00e2h\u0131 olan yabanc\u0131 gurbet\u00e7iler i\u00e7in vergisiz ara\u00e7 bulma ve yabanc\u0131dan yabanc\u0131ya araba sat\u0131\u015f\u0131. Mavi plaka ara\u00e7 tescili.","og_url":"https:\/\/www.taxfreecar.net\/en_en\/portfolio\/","og_site_name":"Mavi Plaka Vergisiz Ara\u00e7","article_modified_time":"2023-02-08T14:24:58+00:00","twitter_card":"summary_large_image","schema":{"@context":"https:\/\/schema.org","@graph":[{"@type":"WebPage","@id":"https:\/\/www.taxfreecar.net\/portfolio\/","url":"https:\/\/www.taxfreecar.net\/portfolio\/","name":"Portfolio - Mavi Plaka Vergisiz Ara\u00e7","isPartOf":{"@id":"https:\/\/www.taxfreecar.net\/#website"},"datePublished":"2023-02-08T14:24:57+00:00","dateModified":"2023-02-08T14:24:58+00:00","description":"T\u00fcrkiye'de resm\u00ee ikametg\u00e2h\u0131 olan yabanc\u0131 gurbet\u00e7iler i\u00e7in vergisiz ara\u00e7 bulma ve yabanc\u0131dan yabanc\u0131ya araba sat\u0131\u015f\u0131. Mavi plaka ara\u00e7 tescili.","inLanguage":"en-US","potentialAction":[{"@type":"ReadAction","target":["https:\/\/www.taxfreecar.net\/portfolio\/"]}]},{"@type":"WebSite","@id":"https:\/\/www.taxfreecar.net\/#website","url":"https:\/\/www.taxfreecar.net\/","name":"Mavi Plaka Vergisiz Ara\u00e7","description":"T\u00fcrkiye&#039;de resmi ikametgah\u0131 olan yabanc\u0131 gurbet\u00e7iler i\u00e7in vergisiz ara\u00e7 al\u0131m\u0131 sat\u0131m\u0131.","publisher":{"@id":"https:\/\/www.taxfreecar.net\/#organization"},"potentialAction":[{"@type":"SearchAction","target":{"@type":"EntryPoint","urlTemplate":"https:\/\/www.taxfreecar.net\/?s={search_term_string}"},"query-input":{"@type":"PropertyValueSpecification","valueRequired":true,"valueName":"search_term_string"}}],"inLanguage":"en-US"},{"@type":"Organization","@id":"https:\/\/www.taxfreecar.net\/#organization","name":"Yabanc\u0131dan Yabanc\u0131ya Araba & Mavi Plakal\u0131 Ara\u00e7 Al\u0131m\u0131 Sat\u0131m\u0131 - TaxFreeCar.net","url":"https:\/\/www.taxfreecar.net\/","logo":{"@type":"ImageObject","inLanguage":"en-US","@id":"https:\/\/www.taxfreecar.net\/#\/schema\/logo\/image\/","url":"https:\/\/www.taxfreecar.net\/wp-content\/uploads\/2022\/04\/taxfreecar.net-logo-dark.png","contentUrl":"https:\/\/www.taxfreecar.net\/wp-content\/uploads\/2022\/04\/taxfreecar.net-logo-dark.png","width":205,"height":70,"caption":"Yabanc\u0131dan Yabanc\u0131ya Araba & Mavi Plakal\u0131 Ara\u00e7 Al\u0131m\u0131 Sat\u0131m\u0131 - TaxFreeCar.net"},"image":{"@id":"https:\/\/www.taxfreecar.net\/#\/schema\/logo\/image\/"}}]}},"_links":{"self":[{"href":"https:\/\/www.taxfreecar.net\/en_en\/wp-json\/wp\/v2\/pages\/38493","targetHints":{"allow":["GET"]}}],"collection":[{"href":"https:\/\/www.taxfreecar.net\/en_en\/wp-json\/wp\/v2\/pages"}],"about":[{"href":"https:\/\/www.taxfreecar.net\/en_en\/wp-json\/wp\/v2\/types\/page"}],"author":[{"embeddable":true,"href":"https:\/\/www.taxfreecar.net\/en_en\/wp-json\/wp\/v2\/users\/210"}],"replies":[{"embeddable":true,"href":"https:\/\/www.taxfreecar.net\/en_en\/wp-json\/wp\/v2\/comments?post=38493"}],"version-history":[{"count":0,"href":"https:\/\/www.taxfreecar.net\/en_en\/wp-json\/wp\/v2\/pages\/38493\/revisions"}],"wp:attachment":[{"href":"https:\/\/www.taxfreecar.net\/en_en\/wp-json\/wp\/v2\/media?parent=38493"}],"curies":[{"name":"wp","href":"https:\/\/api.w.org\/{rel}","templated":true}]}}